{"id":214,"date":"2021-03-09T19:15:17","date_gmt":"2021-03-09T19:15:17","guid":{"rendered":"https:\/\/kulturhaus-wienhausen.de\/web\/?page_id=214"},"modified":"2021-03-11T18:05:42","modified_gmt":"2021-03-11T18:05:42","slug":"virtueller-rundgang-durch-das-kulturhaus-wienhausen","status":"publish","type":"page","link":"https:\/\/kulturhaus-wienhausen.de\/web\/virtueller-rundgang-durch-das-kulturhaus-wienhausen\/","title":{"rendered":"virtueller Rundgang durch das Kulturhaus Wienhausen"},"content":{"rendered":"<p>[et_pb_section fb_built=&#8220;1&#8243; admin_label=&#8220;Header&#8220; _builder_version=&#8220;3.24&#8243; background_image=&#8220;https:\/\/kulturhaus-wienhausen.de\/web\/wp-content\/uploads\/2020\/07\/art-gallery-55.jpg&#8220; background_size=&#8220;initial&#8220; background_repeat=&#8220;repeat&#8220;][et_pb_row custom_padding_last_edited=&#8220;off|phone&#8220; _builder_version=&#8220;3.25&#8243; background_position=&#8220;bottom_center&#8220; custom_padding_tablet=&#8220;17vw||17vw||false&#8220; use_custom_width=&#8220;on&#8220; width_unit=&#8220;off&#8220; custom_width_percent=&#8220;100%&#8220; locked=&#8220;off&#8220;][et_pb_column type=&#8220;4_4&#8243; _builder_version=&#8220;3.25&#8243; custom_padding=&#8220;|||&#8220; custom_padding__hover=&#8220;|||&#8220;][et_pb_text _builder_version=&#8220;3.27.4&#8243; text_font=&#8220;||||||||&#8220; header_font=&#8220;||||||||&#8220; header_2_font=&#8220;Prata|500|||||||&#8220; header_2_text_align=&#8220;left&#8220; header_2_font_size=&#8220;56px&#8220; header_2_line_height=&#8220;1.3em&#8220; transform_translate_linked=&#8220;off&#8220; max_width=&#8220;100%&#8220; max_width_tablet=&#8220;70%&#8220; max_width_last_edited=&#8220;off|phone&#8220; header_2_font_size_tablet=&#8220;40px&#8220; header_2_font_size_phone=&#8220;26px&#8220; header_2_font_size_last_edited=&#8220;on|desktop&#8220;]<\/p>\n<h2>Willkommen zum virtuellen Rundgang durch das Kulturhaus Wienhausen<\/h2>\n<p>[\/et_pb_text][\/et_pb_column][\/et_pb_row][et_pb_row _builder_version=&#8220;3.25&#8243;][et_pb_column type=&#8220;4_4&#8243; _builder_version=&#8220;3.25&#8243; custom_padding=&#8220;|||&#8220; custom_padding__hover=&#8220;|||&#8220;][et_pb_text _builder_version=&#8220;3.27.4&#8243; text_font=&#8220;||||||||&#8220; header_font=&#8220;||||||||&#8220; max_width=&#8220;700px&#8220; module_alignment=&#8220;center&#8220;]<\/p>\n<p>Sie planen eine Ausstellung und w\u00fcrden sich gern mal vorab einen Eindruck verschaffen?<\/p>\n<p>Sie wollen das Kulturhaus f\u00fcr eine Firmenveranstaltung buchen und h\u00e4tten gern einen ersten Eindruck?<\/p>\n<p>Es interessiert Sie einfach, wie das Kulturhaus Wienhausen von innen aussieht?<\/p>\n<p>Mit diesem virtuellen Rundgang \u00f6ffnen sich die T\u00fcren auch dann, wenn sie geschlossen sind.<\/p>\n<p>[\/et_pb_text][et_pb_button button_url=&#8220;https:\/\/kulturhaus-wienhausen.de\/web\/vtour-Kulturhaus\/tour.html&#8220; url_new_window=&#8220;on&#8220; button_text=&#8220;zum virtuellen Rundgang&#8230;&#8220; _builder_version=&#8220;4.9.1&#8243; _module_preset=&#8220;default&#8220; hover_enabled=&#8220;0&#8243; sticky_enabled=&#8220;0&#8243;][\/et_pb_button][\/et_pb_column][\/et_pb_row][\/et_pb_section][et_pb_section fb_built=&#8220;1&#8243; admin_label=&#8220;About&#8220; _builder_version=&#8220;3.24&#8243; background_image=&#8220;https:\/\/kulturhaus-wienhausen.de\/web\/wp-content\/uploads\/2020\/07\/art-gallery-55.jpg&#8220; background_size=&#8220;initial&#8220; background_repeat=&#8220;repeat&#8220;][et_pb_row column_structure=&#8220;2_5,3_5&#8243; _builder_version=&#8220;3.25&#8243; max_width=&#8220;1280px&#8220;][et_pb_column type=&#8220;2_5&#8243; _builder_version=&#8220;3.25&#8243; custom_padding=&#8220;|||&#8220; custom_padding__hover=&#8220;|||&#8220;][et_pb_image src=&#8220;https:\/\/kulturhaus-wienhausen.de\/web\/wp-content\/uploads\/2021\/02\/art-gallery-38.jpg&#8220; _builder_version=&#8220;3.24&#8243; background_image=&#8220;https:\/\/kulturhaus-wienhausen.de\/web\/wp-content\/uploads\/2020\/07\/art-gallery-56.png&#8220; background_size=&#8220;initial&#8220; background_position=&#8220;bottom_left&#8220; max_width_tablet=&#8220;560px&#8220; max_width_last_edited=&#8220;off|tablet&#8220; module_alignment=&#8220;right&#8220; custom_margin=&#8220;|-200px||&#8220; custom_margin_tablet=&#8220;|0px||&#8220; custom_margin_phone=&#8220;&#8220; custom_margin_last_edited=&#8220;on|tablet&#8220; custom_padding=&#8220;||40px|78px||&#8220; custom_padding_tablet=&#8220;40px|30px|0px|0px&#8220; custom_padding_phone=&#8220;&#8220; custom_padding_last_edited=&#8220;on|tablet&#8220; background_last_edited=&#8220;on|desktop&#8220; background_position_tablet=&#8220;top_right&#8220; box_shadow_style=&#8220;preset3&#8243; box_shadow_vertical=&#8220;20px&#8220; box_shadow_blur=&#8220;80px&#8220; box_shadow_spread=&#8220;0px&#8220; box_shadow_color=&#8220;rgba(67,58,122,0.2)&#8220;][\/et_pb_image][et_pb_image src=&#8220;https:\/\/kulturhaus-wienhausen.de\/web\/wp-content\/uploads\/2021\/02\/calligraphy_101.jpg&#8220; _builder_version=&#8220;3.24&#8243; background_image=&#8220;https:\/\/kulturhaus-wienhausen.de\/web\/wp-content\/uploads\/2021\/02\/art-gallery-59.png&#8220; background_size=&#8220;initial&#8220; background_position=&#8220;top_right&#8220; max_width=&#8220;560px&#8220; module_alignment=&#8220;right&#8220; custom_margin=&#8220;||30px&#8220; custom_padding=&#8220;40px|40px||&#8220; custom_padding_tablet=&#8220;|30px||&#8220; custom_padding_phone=&#8220;&#8220; custom_padding_last_edited=&#8220;on|desktop&#8220; box_shadow_style=&#8220;preset3&#8243; box_shadow_vertical=&#8220;20px&#8220; box_shadow_blur=&#8220;80px&#8220; box_shadow_spread=&#8220;0px&#8220; box_shadow_color=&#8220;rgba(67,58,122,0.2)&#8220;][\/et_pb_image][\/et_pb_column][et_pb_column type=&#8220;3_5&#8243; _builder_version=&#8220;3.25&#8243; custom_padding=&#8220;|||&#8220; custom_padding__hover=&#8220;|||&#8220;][et_pb_text _builder_version=&#8220;3.27.4&#8243; text_font=&#8220;||||||||&#8220; header_font=&#8220;|700|||||||&#8220; header_font_size=&#8220;20px&#8220; header_line_height=&#8220;1.3em&#8220; header_3_font=&#8220;|700|||||||&#8220; header_3_font_size=&#8220;20px&#8220; header_3_line_height=&#8220;1.3em&#8220; background_color=&#8220;#ffffff&#8220; custom_margin=&#8220;150px||&#8220; custom_margin_tablet=&#8220;0px|||&#8220; custom_margin_phone=&#8220;&#8220; custom_margin_last_edited=&#8220;on|tablet&#8220; custom_padding=&#8220;40px|40px|40px|40px|true|true&#8220; header_font_size_tablet=&#8220;&#8220; header_font_size_phone=&#8220;&#8220; header_font_size_last_edited=&#8220;on|desktop&#8220; box_shadow_style=&#8220;preset3&#8243; box_shadow_horizontal=&#8220;-70px&#8220; box_shadow_vertical=&#8220;70px&#8220; box_shadow_blur=&#8220;80px&#8220; box_shadow_spread=&#8220;0px&#8220; box_shadow_color=&#8220;rgba(67,58,122,0.1)&#8220;]<\/p>\n<h3><\/h3>\n<h3>wie funktioniert das?<\/h3>\n<p>mit dem Klick auf den Verweis &#8222;zum Rundgang&#8220; oben \u00f6ffnet sich ein weiteres Fenster, in dem Sie zun\u00e4chst das Kulturhaus von au\u00dfen sehen. Es gibt im virtuellem Rundgang mehrere Stationen, die Sie mit einem Klick auf einen erscheinenden Pfeil betreten k\u00f6nnen.<\/p>\n<p>Innerhalb einer Station haben Sie die M\u00f6glichkeit, sich umzusehen. Dazu k\u00f6nnen Sie entweder das unten in der Station eingeblendete Men\u00fc benutzen oder sich mit der Maus im Raum umsehen (Drehen mit der Maus = Klicken und halten, dann Maus bewegen. N\u00e4her ran oder weiter weg mit der Maus = Scrollrad der Maus).<\/p>\n<p>Die einzelnen Stationen sind eine Rundumsicht, bei der Sie sich drehen k\u00f6nnen, nach oben und unten schauen oder n\u00e4her herantreten und wieder entfernen k\u00f6nnen. Seien Sie herzlich eingeladen, alles auszuprobieren.<\/p>\n<p>Und wenn Sie ein geeignetes Ger\u00e4t haben, k\u00f6nnen Sie mit dem &#8222;Auge&#8220; im Navigationsmen\u00fc ganz in die virtuelle Welt eintauchen&#8230;<\/p>\n<p>[\/et_pb_text][\/et_pb_column][\/et_pb_row][\/et_pb_section]<\/p>\n","protected":false},"excerpt":{"rendered":"<p>Willkommen zum virtuellen Rundgang durch das Kulturhaus WienhausenSie planen eine Ausstellung und w\u00fcrden sich gern mal vorab einen Eindruck verschaffen? Sie wollen das Kulturhaus f\u00fcr eine Firmenveranstaltung buchen und h\u00e4tten gern einen ersten Eindruck? Es interessiert Sie einfach, wie das Kulturhaus Wienhausen von innen aussieht? Mit diesem virtuellen Rundgang \u00f6ffnen sich die T\u00fcren auch dann, [&hellip;]<\/p>\n","protected":false},"author":1,"featured_media":0,"parent":0,"menu_order":0,"comment_status":"closed","ping_status":"closed","template":"","meta":{"_et_pb_use_builder":"on","_et_pb_old_content":"","_et_gb_content_width":"","footnotes":""},"class_list":["post-214","page","type-page","status-publish","hentry"],"yoast_head":"<!-- This site is optimized with the Yoast SEO plugin v27.5 - https:\/\/yoast.com\/product\/yoast-seo-wordpress\/ -->\n<title>virtueller Rundgang durch das Kulturhaus Wienhausen - Kulturhaus Wienhausen<\/title>\n<meta name=\"description\" content=\"Kunst und Kultur in Wienhausen. Willkommen im Kulturhaus Wienhausen.\" \/>\n<meta name=\"robots\" content=\"index, follow, max-snippet:-1, max-image-preview:large, max-video-preview:-1\" \/>\n<link rel=\"canonical\" href=\"https:\/\/kulturhaus-wienhausen.de\/web\/virtueller-rundgang-durch-das-kulturhaus-wienhausen\/\" \/>\n<meta property=\"og:locale\" content=\"de_DE\" \/>\n<meta property=\"og:type\" content=\"article\" \/>\n<meta property=\"og:title\" content=\"virtueller Rundgang durch das Kulturhaus Wienhausen - Kulturhaus Wienhausen\" \/>\n<meta property=\"og:description\" content=\"Kunst und Kultur in Wienhausen. Willkommen im Kulturhaus Wienhausen.\" \/>\n<meta property=\"og:url\" content=\"https:\/\/kulturhaus-wienhausen.de\/web\/virtueller-rundgang-durch-das-kulturhaus-wienhausen\/\" \/>\n<meta property=\"og:site_name\" content=\"Kulturhaus Wienhausen\" \/>\n<meta property=\"article:modified_time\" content=\"2021-03-11T18:05:42+00:00\" \/>\n<meta property=\"og:image\" content=\"https:\/\/kulturhaus-wienhausen.de\/web\/wp-content\/uploads\/2020\/07\/Logo-400x284-1.png\" \/>\n\t<meta property=\"og:image:width\" content=\"400\" \/>\n\t<meta property=\"og:image:height\" content=\"284\" \/>\n\t<meta property=\"og:image:type\" content=\"image\/png\" \/>\n<meta name=\"twitter:card\" content=\"summary_large_image\" \/>\n<meta name=\"twitter:label1\" content=\"Gesch\u00e4tzte Lesezeit\" \/>\n\t<meta name=\"twitter:data1\" content=\"4\u00a0Minuten\" \/>\n<script type=\"application\/ld+json\" class=\"yoast-schema-graph\">{\"@context\":\"https:\\\/\\\/schema.org\",\"@graph\":[{\"@type\":[\"Article\",\"BlogPosting\"],\"@id\":\"https:\\\/\\\/kulturhaus-wienhausen.de\\\/web\\\/virtueller-rundgang-durch-das-kulturhaus-wienhausen\\\/#article\",\"isPartOf\":{\"@id\":\"https:\\\/\\\/kulturhaus-wienhausen.de\\\/web\\\/virtueller-rundgang-durch-das-kulturhaus-wienhausen\\\/\"},\"author\":{\"name\":\"Kulturhaus Wienhausen\",\"@id\":\"https:\\\/\\\/kulturhaus-wienhausen.de\\\/web\\\/#\\\/schema\\\/person\\\/6e7e88c5eade0aa8d39cce8f35fb7eee\"},\"headline\":\"virtueller Rundgang durch das Kulturhaus Wienhausen\",\"datePublished\":\"2021-03-09T19:15:17+00:00\",\"dateModified\":\"2021-03-11T18:05:42+00:00\",\"mainEntityOfPage\":{\"@id\":\"https:\\\/\\\/kulturhaus-wienhausen.de\\\/web\\\/virtueller-rundgang-durch-das-kulturhaus-wienhausen\\\/\"},\"wordCount\":797,\"publisher\":{\"@id\":\"https:\\\/\\\/kulturhaus-wienhausen.de\\\/web\\\/#organization\"},\"inLanguage\":\"de\"},{\"@type\":\"WebPage\",\"@id\":\"https:\\\/\\\/kulturhaus-wienhausen.de\\\/web\\\/virtueller-rundgang-durch-das-kulturhaus-wienhausen\\\/\",\"url\":\"https:\\\/\\\/kulturhaus-wienhausen.de\\\/web\\\/virtueller-rundgang-durch-das-kulturhaus-wienhausen\\\/\",\"name\":\"virtueller Rundgang durch das Kulturhaus Wienhausen - Kulturhaus Wienhausen\",\"isPartOf\":{\"@id\":\"https:\\\/\\\/kulturhaus-wienhausen.de\\\/web\\\/#website\"},\"datePublished\":\"2021-03-09T19:15:17+00:00\",\"dateModified\":\"2021-03-11T18:05:42+00:00\",\"description\":\"Kunst und Kultur in Wienhausen. Willkommen im Kulturhaus Wienhausen.\",\"breadcrumb\":{\"@id\":\"https:\\\/\\\/kulturhaus-wienhausen.de\\\/web\\\/virtueller-rundgang-durch-das-kulturhaus-wienhausen\\\/#breadcrumb\"},\"inLanguage\":\"de\",\"potentialAction\":[{\"@type\":\"ReadAction\",\"target\":[\"https:\\\/\\\/kulturhaus-wienhausen.de\\\/web\\\/virtueller-rundgang-durch-das-kulturhaus-wienhausen\\\/\"]}]},{\"@type\":\"BreadcrumbList\",\"@id\":\"https:\\\/\\\/kulturhaus-wienhausen.de\\\/web\\\/virtueller-rundgang-durch-das-kulturhaus-wienhausen\\\/#breadcrumb\",\"itemListElement\":[{\"@type\":\"ListItem\",\"position\":1,\"name\":\"Startseite\",\"item\":\"https:\\\/\\\/kulturhaus-wienhausen.de\\\/web\\\/\"},{\"@type\":\"ListItem\",\"position\":2,\"name\":\"virtueller Rundgang durch das Kulturhaus Wienhausen\"}]},{\"@type\":\"WebSite\",\"@id\":\"https:\\\/\\\/kulturhaus-wienhausen.de\\\/web\\\/#website\",\"url\":\"https:\\\/\\\/kulturhaus-wienhausen.de\\\/web\\\/\",\"name\":\"Kulturhaus Wienhausen\",\"description\":\"Kunst und Kultur in Wienhausen\",\"publisher\":{\"@id\":\"https:\\\/\\\/kulturhaus-wienhausen.de\\\/web\\\/#organization\"},\"potentialAction\":[{\"@type\":\"SearchAction\",\"target\":{\"@type\":\"EntryPoint\",\"urlTemplate\":\"https:\\\/\\\/kulturhaus-wienhausen.de\\\/web\\\/?s={search_term_string}\"},\"query-input\":{\"@type\":\"PropertyValueSpecification\",\"valueRequired\":true,\"valueName\":\"search_term_string\"}}],\"inLanguage\":\"de\"},{\"@type\":\"Organization\",\"@id\":\"https:\\\/\\\/kulturhaus-wienhausen.de\\\/web\\\/#organization\",\"name\":\"Kulturhaus Wienhausen\",\"alternateName\":\"klostergemeinde Wienhausen\",\"url\":\"https:\\\/\\\/kulturhaus-wienhausen.de\\\/web\\\/\",\"logo\":{\"@type\":\"ImageObject\",\"inLanguage\":\"de\",\"@id\":\"https:\\\/\\\/kulturhaus-wienhausen.de\\\/web\\\/#\\\/schema\\\/logo\\\/image\\\/\",\"url\":\"https:\\\/\\\/kulturhaus-wienhausen.de\\\/web\\\/wp-content\\\/uploads\\\/2020\\\/07\\\/Logo-400x284-1.png\",\"contentUrl\":\"https:\\\/\\\/kulturhaus-wienhausen.de\\\/web\\\/wp-content\\\/uploads\\\/2020\\\/07\\\/Logo-400x284-1.png\",\"width\":400,\"height\":284,\"caption\":\"Kulturhaus Wienhausen\"},\"image\":{\"@id\":\"https:\\\/\\\/kulturhaus-wienhausen.de\\\/web\\\/#\\\/schema\\\/logo\\\/image\\\/\"}},{\"@type\":\"Person\",\"@id\":\"https:\\\/\\\/kulturhaus-wienhausen.de\\\/web\\\/#\\\/schema\\\/person\\\/6e7e88c5eade0aa8d39cce8f35fb7eee\",\"name\":\"Kulturhaus Wienhausen\",\"url\":\"https:\\\/\\\/kulturhaus-wienhausen.de\\\/web\\\/author\\\/admin\\\/\"}]}<\/script>\n<!-- \/ Yoast SEO plugin. -->","yoast_head_json":{"title":"virtueller Rundgang durch das Kulturhaus Wienhausen - Kulturhaus Wienhausen","description":"Kunst und Kultur in Wienhausen. Willkommen im Kulturhaus Wienhausen.","robots":{"index":"index","follow":"follow","max-snippet":"max-snippet:-1","max-image-preview":"max-image-preview:large","max-video-preview":"max-video-preview:-1"},"canonical":"https:\/\/kulturhaus-wienhausen.de\/web\/virtueller-rundgang-durch-das-kulturhaus-wienhausen\/","og_locale":"de_DE","og_type":"article","og_title":"virtueller Rundgang durch das Kulturhaus Wienhausen - Kulturhaus Wienhausen","og_description":"Kunst und Kultur in Wienhausen. Willkommen im Kulturhaus Wienhausen.","og_url":"https:\/\/kulturhaus-wienhausen.de\/web\/virtueller-rundgang-durch-das-kulturhaus-wienhausen\/","og_site_name":"Kulturhaus Wienhausen","article_modified_time":"2021-03-11T18:05:42+00:00","og_image":[{"width":400,"height":284,"url":"https:\/\/kulturhaus-wienhausen.de\/web\/wp-content\/uploads\/2020\/07\/Logo-400x284-1.png","type":"image\/png"}],"twitter_card":"summary_large_image","twitter_misc":{"Gesch\u00e4tzte Lesezeit":"4\u00a0Minuten"},"schema":{"@context":"https:\/\/schema.org","@graph":[{"@type":["Article","BlogPosting"],"@id":"https:\/\/kulturhaus-wienhausen.de\/web\/virtueller-rundgang-durch-das-kulturhaus-wienhausen\/#article","isPartOf":{"@id":"https:\/\/kulturhaus-wienhausen.de\/web\/virtueller-rundgang-durch-das-kulturhaus-wienhausen\/"},"author":{"name":"Kulturhaus Wienhausen","@id":"https:\/\/kulturhaus-wienhausen.de\/web\/#\/schema\/person\/6e7e88c5eade0aa8d39cce8f35fb7eee"},"headline":"virtueller Rundgang durch das Kulturhaus Wienhausen","datePublished":"2021-03-09T19:15:17+00:00","dateModified":"2021-03-11T18:05:42+00:00","mainEntityOfPage":{"@id":"https:\/\/kulturhaus-wienhausen.de\/web\/virtueller-rundgang-durch-das-kulturhaus-wienhausen\/"},"wordCount":797,"publisher":{"@id":"https:\/\/kulturhaus-wienhausen.de\/web\/#organization"},"inLanguage":"de"},{"@type":"WebPage","@id":"https:\/\/kulturhaus-wienhausen.de\/web\/virtueller-rundgang-durch-das-kulturhaus-wienhausen\/","url":"https:\/\/kulturhaus-wienhausen.de\/web\/virtueller-rundgang-durch-das-kulturhaus-wienhausen\/","name":"virtueller Rundgang durch das Kulturhaus Wienhausen - Kulturhaus Wienhausen","isPartOf":{"@id":"https:\/\/kulturhaus-wienhausen.de\/web\/#website"},"datePublished":"2021-03-09T19:15:17+00:00","dateModified":"2021-03-11T18:05:42+00:00","description":"Kunst und Kultur in Wienhausen. Willkommen im Kulturhaus Wienhausen.","breadcrumb":{"@id":"https:\/\/kulturhaus-wienhausen.de\/web\/virtueller-rundgang-durch-das-kulturhaus-wienhausen\/#breadcrumb"},"inLanguage":"de","potentialAction":[{"@type":"ReadAction","target":["https:\/\/kulturhaus-wienhausen.de\/web\/virtueller-rundgang-durch-das-kulturhaus-wienhausen\/"]}]},{"@type":"BreadcrumbList","@id":"https:\/\/kulturhaus-wienhausen.de\/web\/virtueller-rundgang-durch-das-kulturhaus-wienhausen\/#breadcrumb","itemListElement":[{"@type":"ListItem","position":1,"name":"Startseite","item":"https:\/\/kulturhaus-wienhausen.de\/web\/"},{"@type":"ListItem","position":2,"name":"virtueller Rundgang durch das Kulturhaus Wienhausen"}]},{"@type":"WebSite","@id":"https:\/\/kulturhaus-wienhausen.de\/web\/#website","url":"https:\/\/kulturhaus-wienhausen.de\/web\/","name":"Kulturhaus Wienhausen","description":"Kunst und Kultur in Wienhausen","publisher":{"@id":"https:\/\/kulturhaus-wienhausen.de\/web\/#organization"},"potentialAction":[{"@type":"SearchAction","target":{"@type":"EntryPoint","urlTemplate":"https:\/\/kulturhaus-wienhausen.de\/web\/?s={search_term_string}"},"query-input":{"@type":"PropertyValueSpecification","valueRequired":true,"valueName":"search_term_string"}}],"inLanguage":"de"},{"@type":"Organization","@id":"https:\/\/kulturhaus-wienhausen.de\/web\/#organization","name":"Kulturhaus Wienhausen","alternateName":"klostergemeinde Wienhausen","url":"https:\/\/kulturhaus-wienhausen.de\/web\/","logo":{"@type":"ImageObject","inLanguage":"de","@id":"https:\/\/kulturhaus-wienhausen.de\/web\/#\/schema\/logo\/image\/","url":"https:\/\/kulturhaus-wienhausen.de\/web\/wp-content\/uploads\/2020\/07\/Logo-400x284-1.png","contentUrl":"https:\/\/kulturhaus-wienhausen.de\/web\/wp-content\/uploads\/2020\/07\/Logo-400x284-1.png","width":400,"height":284,"caption":"Kulturhaus Wienhausen"},"image":{"@id":"https:\/\/kulturhaus-wienhausen.de\/web\/#\/schema\/logo\/image\/"}},{"@type":"Person","@id":"https:\/\/kulturhaus-wienhausen.de\/web\/#\/schema\/person\/6e7e88c5eade0aa8d39cce8f35fb7eee","name":"Kulturhaus Wienhausen","url":"https:\/\/kulturhaus-wienhausen.de\/web\/author\/admin\/"}]}},"_links":{"self":[{"href":"https:\/\/kulturhaus-wienhausen.de\/web\/wp-json\/wp\/v2\/pages\/214","targetHints":{"allow":["GET"]}}],"collection":[{"href":"https:\/\/kulturhaus-wienhausen.de\/web\/wp-json\/wp\/v2\/pages"}],"about":[{"href":"https:\/\/kulturhaus-wienhausen.de\/web\/wp-json\/wp\/v2\/types\/page"}],"author":[{"embeddable":true,"href":"https:\/\/kulturhaus-wienhausen.de\/web\/wp-json\/wp\/v2\/users\/1"}],"replies":[{"embeddable":true,"href":"https:\/\/kulturhaus-wienhausen.de\/web\/wp-json\/wp\/v2\/comments?post=214"}],"version-history":[{"count":0,"href":"https:\/\/kulturhaus-wienhausen.de\/web\/wp-json\/wp\/v2\/pages\/214\/revisions"}],"wp:attachment":[{"href":"https:\/\/kulturhaus-wienhausen.de\/web\/wp-json\/wp\/v2\/media?parent=214"}],"curies":[{"name":"wp","href":"https:\/\/api.w.org\/{rel}","templated":true}]}}